{"id":434,"date":"2025-02-25T15:34:54","date_gmt":"2025-02-25T14:34:54","guid":{"rendered":"https:\/\/idstedt-museum.de\/Radtouren\/de\/?page_id=434"},"modified":"2025-05-22T13:45:04","modified_gmt":"2025-05-22T11:45:04","slug":"id99","status":"publish","type":"page","link":"https:\/\/idstedt-museum.de\/Radtouren\/de\/id99\/","title":{"rendered":"Projektbeschreibung"},"content":{"rendered":"\n<p class=\"has-medium-font-size\">Im Fr\u00fchsommer 2024 hatte Tim Petersen, der Schulleiter der Auenwaldschule in B\u00f6klund, eine wunderbare Idee: Er wollte anl\u00e4sslich der 175-Jahr-Feier von Idstedt im Jahr 2025 eine Tour zu den verschiedenen Gr\u00e4bern der Schlacht von Idstedt organisieren. Daf\u00fcr suchte er Sch\u00fcler aus der damaligen 9. und 10. Klasse, die Lust h\u00e4tten, etwas zum Thema zu entwerfen. Wir freuen uns sehr, dass sich Lasse M., Tom L., Justus H. und Lea B. aus der 9. Klasse und Nils S. aus der 10. Klasse gemeldet haben. Die Idee der Fahrradtour, die wir gerne aufnehmen wollten, ist wirklich toll. Wir m\u00f6chten sie modern und vielseitig darstellen. Mit vielen lieben Helfern haben wir diese Webseite mit allen ihren Funktionen, Texten, Audios und Informationen erstellt. Den Grundstein f\u00fcr diese Arbeit legte Johannes Jessen, der uns zur Einf\u00fchrung in die Fahrradtour eine Karte mit kurzen Informationen zu den Gr\u00e4bern und Gedenkst\u00e4tten vorstellte. Unsere Lehrkr\u00e4fte haben mit viel Hingabe Texte auf Rechtschreibung in allen drei Sprachen durchgesehen. Wir danken Frau Thim, Frau Peters, Frau Eggers und Frau Cooper, die uns tatkr\u00e4ftig unterst\u00fctzt haben. Frau Cooper erm\u00f6glichte den Kontakt zu einer d\u00e4nischen Schule(Farstrup Skoles). Die Texte mussten erst \u00fcbersetzt werden, so dass sie zum Einsprechen in D\u00e4nemark auch vorgelesen werden k\u00f6nnen. Alyssa Lorenzen, eine Bekannte von Justus, hat uns dabei tatkr\u00e4ftig unterst\u00fctzt. Viele haben uns bei diesem Projekt geholfen, Detlev Jepsen hat uns nicht nur beim Bau der Website unterst\u00fctzt, sondern hat uns auch einen Einf\u00fchrungs-Kurs in HTML gegeben. Somit haben wir bei diesem Projekt nicht nur etwas \u00fcber die Schlacht bei Idstedt gelernt, sondern auch \u00fcber Computer. Wir haben all unsere flei\u00dfigen Helfer mit ihren gro\u00dfartigen Leistungen in unserem Projekttagebuch verewigt, das wir im Zusammenhang mit unserer Projektmappe erstellt haben, die wir f\u00fcr den Bundeswettbewerb erstellt haben.<br>Wir haben uns sehr dar\u00fcber gefreut, an diesem Projekt zu arbeiten, da diese Fahrradtour der Grundstein f\u00fcr die folgenden Projektgruppen sein soll, die in den n\u00e4chsten Jahren mit Herrn Petersen das Projekt erg\u00e4nzen werden.<\/p>\n","protected":false},"excerpt":{"rendered":"<p>Im Fr\u00fchsommer 2024 hatte Tim Petersen, der Schulleiter der Auenwaldschule in B\u00f6klund, eine wunderbare Idee: Er wollte anl\u00e4sslich der 175-Jahr-Feier von Idstedt im Jahr 2025 eine Tour zu den verschiedenen Gr\u00e4bern der Schlacht von Idstedt organisieren. Daf\u00fcr suchte er Sch\u00fcler aus der damaligen 9. und 10. Klasse, die Lust h\u00e4tten, etwas zum Thema zu entwerfen. [&hellip;]<\/p>\n","protected":false},"author":1,"featured_media":0,"parent":0,"menu_order":0,"comment_status":"closed","ping_status":"closed","template":"","meta":{"footnotes":""},"class_list":["post-434","page","type-page","status-publish","hentry"],"_links":{"self":[{"href":"https:\/\/idstedt-museum.de\/Radtouren\/de\/wp-json\/wp\/v2\/pages\/434","targetHints":{"allow":["GET"]}}],"collection":[{"href":"https:\/\/idstedt-museum.de\/Radtouren\/de\/wp-json\/wp\/v2\/pages"}],"about":[{"href":"https:\/\/idstedt-museum.de\/Radtouren\/de\/wp-json\/wp\/v2\/types\/page"}],"author":[{"embeddable":true,"href":"https:\/\/idstedt-museum.de\/Radtouren\/de\/wp-json\/wp\/v2\/users\/1"}],"replies":[{"embeddable":true,"href":"https:\/\/idstedt-museum.de\/Radtouren\/de\/wp-json\/wp\/v2\/comments?post=434"}],"version-history":[{"count":6,"href":"https:\/\/idstedt-museum.de\/Radtouren\/de\/wp-json\/wp\/v2\/pages\/434\/revisions"}],"predecessor-version":[{"id":591,"href":"https:\/\/idstedt-museum.de\/Radtouren\/de\/wp-json\/wp\/v2\/pages\/434\/revisions\/591"}],"wp:attachment":[{"href":"https:\/\/idstedt-museum.de\/Radtouren\/de\/wp-json\/wp\/v2\/media?parent=434"}],"curies":[{"name":"wp","href":"https:\/\/api.w.org\/{rel}","templated":true}]}}