{"id":3,"date":"2024-11-15T13:33:43","date_gmt":"2024-11-15T12:33:43","guid":{"rendered":"https:\/\/idstedt-museum.de\/Radtouren\/de\/?page_id=3"},"modified":"2025-03-25T21:09:19","modified_gmt":"2025-03-25T20:09:19","slug":"datenschutzerklaerung","status":"publish","type":"page","link":"https:\/\/idstedt-museum.de\/Radtouren\/de\/datenschutzerklaerung\/","title":{"rendered":"Datenschutzerkl\u00e4rung"},"content":{"rendered":"\n<p>Mit dieser Datenschutzerkl\u00e4rung m\u00f6chten wir Sie dar\u00fcber informieren, wie wir Ihre personenbezogenen Daten verarbeiten und Sie \u00fcber Ihre Rechte aufkl\u00e4ren.<\/p>\n\n\n\n<h3 class=\"wp-block-heading\"><strong>A) Allgemeine Informationen<\/strong><\/h3>\n\n\n\n<h5 class=\"wp-block-heading\"><strong>Name und Kontaktdaten des Verantwortlichen<\/strong><\/h5>\n\n\n\n<p>Idstedt Stiftung &#8211; Gesch\u00e4ftsf\u00fchrung<br>Suadicanistra\u00dfe 1 | 24837 Schleswig<br><br>Ansprechpartner:<br>Stefanie Robl<br>Telefon: 04621 960113<br>Stefanie.Robl@schleswig-flensburg.de<\/p>\n\n\n\n<h5 class=\"wp-block-heading\"><strong>Kontaktdaten des\/der Datenschutzbeauftragten<\/strong><\/h5>\n\n\n\n<p>F\u00fcr Fragen, Anregungen oder Beschwerden zum Datenschutz k\u00f6nnen Sie sich an unseren Datenschutzbeauftragten Herrn Alexander Sch\u00e4fer wenden. Er ist wie folgt zu erreichen:<br>Rathausmarkt 1, 24837 Schleswig<br>Telefon: 04621 &#8211; 814 &#8211; 137<br>E-Mail: datenschutz@schleswig.de<\/p>\n\n\n\n<h5 class=\"wp-block-heading\"><strong>Zwecke und Rechtsgrundlagen f\u00fcr die Verarbeitung personenbezogener Daten<\/strong><\/h5>\n\n\n\n<p>Zweck der Verarbeitung ist die Erf\u00fcllung der uns vom Gesetzgeber zugewiesenen \u00f6ffentlichen Aufgaben, insbesondere der Information der \u00d6ffentlichkeit.<br>Die Rechtsgrundlage f\u00fcr die Verarbeitung Ihrer Daten ergibt sich, soweit nichts anderes angegeben ist, aus \u00a7 3 Abs. 1 des Landesdatenschutzgesetz (LDSG) in Verbindung mit Art. 6 Abs. 1 UAbs. 1 Buchst. e der Datenschutzgrundverordnung (DSGVO). Demnach ist es uns erlaubt, die zur Erf\u00fcllung einer uns obliegenden Aufgabe erforderlichen Daten zu verarbeiten.<\/p>\n\n\n\n<h5 class=\"wp-block-heading\"><strong>Empf\u00e4nger von personenbezogenen Daten<\/strong><\/h5>\n\n\n\n<p>Der technische Betrieb unserer Datenverarbeitungssysteme erfolgt durch<br><em>DomainFactory GmbH,<br>Oskar-Messter-Stra\u00dfe 33,<br>85737 Ismaning<br>support@df.eu<\/em><br>Gegebenenfalls werden Ihre Daten an die zust\u00e4ndigen Aufsichts- und Rechnungspr\u00fcfungsbeh\u00f6rden zur Wahrnehmung der jeweiligen Kontrollrechte \u00fcbermittelt.<\/p>\n\n\n\n<h5 class=\"wp-block-heading\"><strong>Dauer der Speicherung der personenbezogenen Daten<\/strong><\/h5>\n\n\n\n<p>Ihre Daten werden nur so lange gespeichert, wie dies unter Beachtung gesetzlicher Aufbewahrungsfristen zur Aufgabenerf\u00fcllung erforderlich ist.<\/p>\n\n\n\n<h5 class=\"wp-block-heading\"><strong>Ihre Rechte<\/strong><\/h5>\n\n\n\n<p>Soweit wir von Ihnen personenbezogene Daten verarbeiten, stehen Ihnen als Betroffener nachfolgende Rechte zu:<\/p>\n\n\n\n<ul class=\"wp-block-list\">\n<li>Sie haben das Recht auf Auskunft \u00fcber die zu Ihrer Person gespeicherten Daten (Art. 15 DSGVO).<\/li>\n\n\n\n<li>Sollten unrichtige personenbezogene Daten verarbeitet werden, steht Ihnen ein Recht auf Berichtigung zu (Art. 16 DSGVO).<\/li>\n\n\n\n<li>Liegen die gesetzlichen Voraussetzungen vor, so k\u00f6nnen Sie die L\u00f6schung oder Einschr\u00e4nkung der Verarbeitung verlangen (Art. 17 und 18 DSGVO).<\/li>\n\n\n\n<li>Wenn Sie in die Verarbeitung eingewilligt haben oder ein Vertrag zur Datenverarbeitung besteht und die Datenverarbeitung mithilfe automatisierter Verfahren durchgef\u00fchrt wird, steht Ihnen gegebenenfalls ein Recht auf Daten\u00fcbertragbarkeit zu (Art. 20 DSGVO).<\/li>\n\n\n\n<li>Falls Sie in die Verarbeitung eingewilligt haben und die Verarbeitung auf dieser Einwilligung beruht, k\u00f6nnen Sie die Einwilligung jederzeit f\u00fcr die Zukunft widerrufen. Die Rechtm\u00e4\u00dfigkeit der aufgrund der Einwilligung bis zum Widerruf erfolgten Datenverarbeitung wird durch diesen nicht ber\u00fchrt.<\/li>\n<\/ul>\n\n\n\n<p>Sie haben das Recht, aus Gr\u00fcnden, die sich aus Ihrer besonderen Situation ergeben, jederzeit gegen die Verarbeitung Ihrer Daten Widerspruch einzulegen, wenn die Verarbeitung ausschlie\u00dflich auf Grundlage des Art. 6 Abs. 1 Buchst. e oder f DSGVO erfolgt (Art. 21 Abs. 1 Satz 1 DSGVO).<\/p>\n\n\n\n<h5 class=\"wp-block-heading\"><strong>Beschwerderecht bei der Aufsichtsbeh\u00f6rde<\/strong><\/h5>\n\n\n\n<p>Weiterhin besteht ein Beschwerderecht beim Unabh\u00e4ngiges Landeszentrum f\u00fcr Datenschutz Schleswig-Holstein. Dieses k\u00f6nnen Sie unter folgenden Kontaktdaten erreichen:<br>Postanschrift: Postfach 71 16, 24171 Kiel<br>Adresse: Holstenstra\u00dfe 98, 24103 Kiel<br>Telefon: 0431 988-1200<br>Telefax: 0431 988-1223<br>E-Mail: mail@datenschutzzentrum.de<br>Internet: https:\/\/www.datenschutzzentrum.de\/<\/p>\n\n\n\n<h5 class=\"wp-block-heading\"><strong>Weitere Informationen<\/strong><\/h5>\n\n\n\n<p>F\u00fcr n\u00e4here Informationen zur Verarbeitung Ihrer Daten und zu Ihren Rechten k\u00f6nnen Sie uns unter den oben (zu Beginn von A) genannten Kontaktdaten erreichen.<\/p>\n\n\n\n<h3 class=\"wp-block-heading\"><strong>B) Informationen zum Internetauftritt<\/strong><\/h3>\n\n\n\n<h5 class=\"wp-block-heading\"><strong>Technische Umsetzung<\/strong><\/h5>\n\n\n\n<p>Unser Webserver wird durch die Firma\u00a0<em>datasoft consult Beratungs- und Dienstleistungsgesellschaft mbH<\/em>\u00a0betrieben. Die von Ihnen im Rahmen des Besuchs unseres Webauftritts \u00fcbermittelten personenbezogenen Daten werden daher in unserem Auftrag durch<br><em>datasoft consult Beratungs- und Dienstleistungsgesellschaft mbH<br>M\u00f6hlbarg 10<br>24890 Stolk<br>kontakt@datasoft-consult.de<\/em><br>verarbeitet.<\/p>\n\n\n\n<h5 class=\"wp-block-heading\"><strong>Protokollierung<\/strong><\/h5>\n\n\n\n<p>Wenn Sie diese oder andere Internetseiten aufrufen, \u00fcbermitteln Sie \u00fcber Ihren Internetbrowser Daten an unseren Webserver. Die folgenden Daten werden w\u00e4hrend einer laufenden Verbindung zur Kommunikation zwischen Ihrem Internetbrowser und unserem Webserver aufgezeichnet:<\/p>\n\n\n\n<ul class=\"wp-block-list\">\n<li>Name des Servers<\/li>\n\n\n\n<li>\u00fcbertragene Datenmenge<\/li>\n\n\n\n<li>gek\u00fcrzte Internetprotokoll-Adresse (anonymisierte IP-Adresse)<\/li>\n\n\n\n<li>Datum und Uhrzeit des Zugriffs<\/li>\n\n\n\n<li>Ziel der Anfrage<\/li>\n\n\n\n<li>Status der Anfrage<\/li>\n\n\n\n<li>Webseite, von der aus der Nutzer auf den Server gelangt<\/li>\n\n\n\n<li>verwendetes Zugriffsprogramm (Client \/ Webbrowser)<\/li>\n<\/ul>\n\n\n\n<p>Eine Protokollierung unsererseits findet nach Ende der Verbindung nicht statt. Ihre Daten k\u00f6nnen jedoch zur Fehlerkorrektor oder Gefahrenverh\u00fctung vom Betreiber des Rechenzentrums f\u00fcr maximal 7 Tage aufgezeichnet werden.<\/p>\n\n\n\n<h5 class=\"wp-block-heading\"><strong>Google Maps<\/strong><\/h5>\n\n\n\n<p>Wir haben auf unserer Website Karten von \u201eGoogle Maps\u201c (Anbieter: Google Ireland Limited, Registernr.: 368047, Gordon House, Barrow Street, Dublin 4, Irland) integriert.<\/p>\n\n\n\n<ol class=\"wp-block-list\">\n<li>Datenkategorie und Beschreibung der Datenverarbeitung: Nutzungsdaten (z.B. IP, Standort, aufgerufene Seite). Mit Google Maps k\u00f6nnen wir den Standort von Adressen und eine Anfahrtsbeschreibung direkt auf unserer Website in interaktiven Karten anzeigen und Ihnen die Nutzung dieses Tools erm\u00f6glichen. Bei dem Abruf unserer Website, wo Google Maps integriert ist, wird eine Verbindung zu den Servern von Google in den USA aufgebaut. Hierbei k\u00f6nnen Ihre IP und Standort an Google \u00fcbertragen werden. Zudem erh\u00e4lt Google die Information, dass Sie die entsprechende Seite aufgerufen haben. Dies erfolgt auch ohne Nutzerkonto bei Google. Sollten Sie in Ihren Google-Account eingeloggt sein, kann Google die obigen Daten Ihrem Account zuordnen. Wenn Sie dies nicht w\u00fcnschen, m\u00fcssen Sie sich bei Ihrem Google-Account ausloggen. Google erstellt aus solchen Daten Nutzerprofile und nutzt diese Daten zum Zwecke der Werbung, Marktforschung oder Optimierung seiner Websites.<\/li>\n\n\n\n<li>Zweck der Verarbeitung: Bereitstellung einer nutzerfreundlichen, wirtschaftlichen und optimierten Webseite.<\/li>\n\n\n\n<li>Rechtsgrundlagen: Haben Sie f\u00fcr Verarbeitung Ihrer personenbezogenen Daten mittels \u201eGoogle Maps\u201c vom Drittanbieter Ihre Einwilligung erteilt (\u201eOpt-in\u201c), dann ist Art. 6 Abs. 1 S. 1 lit. a) DS-GVO die Rechtsgrundlage. Rechtsgrundlage ist zudem unser in den obigen Zwecken liegendes berechtigtes Interesse an der Datenverarbeitung nach Art. 6 Abs. 1 S.1 lit. f) DS-GVO.<\/li>\n\n\n\n<li>Daten\u00fcbermittlung\/Empf\u00e4ngerkategorie: Drittanbieter in den USA.<\/li>\n\n\n\n<li>Speicherdauer: Cookies bis zu 6 Monate oder bis zur L\u00f6schung durch Sie. Ansonsten sobald sie nicht mehr f\u00fcr die Verarbeitungszwecke ben\u00f6tigt werden.<\/li>\n\n\n\n<li>Widerspruchs- und Beseitigungsm\u00f6glichkeit: Sie haben gegen\u00fcber Google ein Widerspruchsrecht gegen die Bildung von Nutzerprofilen. Bitte richten Sie sich deswegen direkt an Google \u00fcber die unten genannte Datenschutzerkl\u00e4rung. Ein Opt-Out-Widerspruch hinsichtlich der Werbe-Cookies k\u00f6nnen Sie hier in Ihrem Google-Account vornehmen:\u00a0<a href=\"https:\/\/adssettings.google.com\/authenticated\" target=\"_blank\" rel=\"noreferrer noopener\">https:\/\/adssettings.google.com\/authenticated<\/a>.<\/li>\n\n\n\n<li>In den Nutzungsbedingungen von Google Maps unter\u00a0<a href=\"https:\/\/www.google.com\/intl\/de_de\/help\/terms_maps\/\" target=\"_blank\" rel=\"noreferrer noopener\">www.google.com\/intl\/de_de\/help\/terms_maps.html<\/a>\u00a0und in der Datenschutzerkl\u00e4rung f\u00fcr Werbung von Google unter\u00a0<a href=\"https:\/\/policies.google.com\/technologies\/ads\" target=\"_blank\" rel=\"noreferrer noopener\">https:\/\/policies.google.com\/technologies\/ads\u00a0<\/a>finden Sie weitere Informationen zur Verwendung von Google Cookies und deren Werbetechnologien, Speicherdauer, Anonymisierung, Standortdaten, Funktionsweise und Ihre Rechte. Allgemeine Datenschutzerkl\u00e4rung von Google:\u00a0<a href=\"https:\/\/policies.google.com\/privacy\" target=\"_blank\" rel=\"noreferrer noopener\">https:\/\/policies.google.com\/privacy<\/a>.<\/li>\n<\/ol>\n\n\n\n<h5 class=\"wp-block-heading\"><strong>Cookies<\/strong><\/h5>\n\n\n\n<p>Wir verwenden ausschlie\u00dflich f\u00fcr den Betrieb der Webseite technisch notwendige Cookies.<\/p>\n\n\n\n<h5 class=\"wp-block-heading\"><strong>Auswertung des Nutzerverhaltens (Webtracking-Systeme; Reichweitenmessung)<\/strong><\/h5>\n\n\n\n<p>Programme zur Auswertung des Nutzerverhaltens werden von uns nicht eingesetzt.<\/p>\n","protected":false},"excerpt":{"rendered":"<p>Mit dieser Datenschutzerkl\u00e4rung m\u00f6chten wir Sie dar\u00fcber informieren, wie wir Ihre personenbezogenen Daten verarbeiten und Sie \u00fcber Ihre Rechte aufkl\u00e4ren. A) Allgemeine Informationen Name und Kontaktdaten des Verantwortlichen Idstedt Stiftung &#8211; Gesch\u00e4ftsf\u00fchrungSuadicanistra\u00dfe 1 | 24837 Schleswig Ansprechpartner:Stefanie RoblTelefon: 04621 960113Stefanie.Robl@schleswig-flensburg.de Kontaktdaten des\/der Datenschutzbeauftragten F\u00fcr Fragen, Anregungen oder Beschwerden zum Datenschutz k\u00f6nnen Sie sich an unseren [&hellip;]<\/p>\n","protected":false},"author":1,"featured_media":0,"parent":0,"menu_order":0,"comment_status":"closed","ping_status":"open","template":"","meta":{"footnotes":""},"class_list":["post-3","page","type-page","status-publish","hentry"],"_links":{"self":[{"href":"https:\/\/idstedt-museum.de\/Radtouren\/de\/wp-json\/wp\/v2\/pages\/3","targetHints":{"allow":["GET"]}}],"collection":[{"href":"https:\/\/idstedt-museum.de\/Radtouren\/de\/wp-json\/wp\/v2\/pages"}],"about":[{"href":"https:\/\/idstedt-museum.de\/Radtouren\/de\/wp-json\/wp\/v2\/types\/page"}],"author":[{"embeddable":true,"href":"https:\/\/idstedt-museum.de\/Radtouren\/de\/wp-json\/wp\/v2\/users\/1"}],"replies":[{"embeddable":true,"href":"https:\/\/idstedt-museum.de\/Radtouren\/de\/wp-json\/wp\/v2\/comments?post=3"}],"version-history":[{"count":1,"href":"https:\/\/idstedt-museum.de\/Radtouren\/de\/wp-json\/wp\/v2\/pages\/3\/revisions"}],"predecessor-version":[{"id":563,"href":"https:\/\/idstedt-museum.de\/Radtouren\/de\/wp-json\/wp\/v2\/pages\/3\/revisions\/563"}],"wp:attachment":[{"href":"https:\/\/idstedt-museum.de\/Radtouren\/de\/wp-json\/wp\/v2\/media?parent=3"}],"curies":[{"name":"wp","href":"https:\/\/api.w.org\/{rel}","templated":true}]}}