{"id":245,"date":"2024-11-17T17:36:17","date_gmt":"2024-11-17T16:36:17","guid":{"rendered":"https:\/\/idstedt-museum.de\/Radtouren\/de\/?page_id=245"},"modified":"2025-05-26T12:34:32","modified_gmt":"2025-05-26T10:34:32","slug":"id13","status":"publish","type":"page","link":"https:\/\/idstedt-museum.de\/Radtouren\/de\/id13\/","title":{"rendered":"Grab 13"},"content":{"rendered":"\n<figure class=\"wp-block-audio\"><audio controls src=\"https:\/\/idstedt-museum.de\/Radtouren\/de\/wp-content\/uploads\/2025\/05\/Grab-13.mp3\" autoplay><\/audio><\/figure>\n\n\n\n<div class=\"wp-block-columns is-layout-flex wp-container-core-columns-is-layout-28f84493 wp-block-columns-is-layout-flex\">\n<div class=\"wp-block-column is-layout-flow wp-block-column-is-layout-flow\">\n<p>Die Schlacht bei Idstedt fand 1850 statt und war ein bedeutender Konflikt zwischen D\u00e4nemark und den Schleswig-Holsteinischen Herzogt\u00fcmer. D\u00e4nemark wollte seine Macht in Schleswig-Holstein ausweiten, doch die Schleswig-Holsteiner wehrten sich dagegen, da sie lieber zur deutschen Seite geh\u00f6ren wollten. Die Schlacht endete mit einem Sieg der d\u00e4nischen Truppen. Dieser Sieg hatte politische Folgen und war ein wichtiger Moment im Konflikt um die Kontrolle \u00fcber Schleswig-Holstein.<\/p>\n\n\n\n<div class=\"wp-block-group is-layout-flow wp-container-core-group-is-layout-a77db08e wp-block-group-is-layout-flow\">\n<h4 class=\"wp-block-heading\">Lage auf Karte<\/h4>\n\n\n\n<p><iframe src=\"https:\/\/www.google.com\/maps\/embed?pb=!1m17!1m12!1m3!1d2312.2248532953245!2d9.487401077772391!3d54.58241197267345!2m3!1f0!2f0!3f0!3m2!1i1024!2i768!4f13.1!3m2!1m1!2zNTTCsDM0JzU2LjciTiA5wrAyOScyMy45IkU!5e0!3m2!1sde!2sde!4v1741537955543!5m2!1sde!2sde\" width=\"600\" height=\"450\" class=\"map\" style=\"border:0;\" allowfullscreen=\"\" loading=\"lazy\" referrerpolicy=\"no-referrer-when-downgrade\"><\/iframe><\/p>\n<\/div>\n<\/div>\n<\/div>\n\n\n\n<div class=\"wp-block-group is-content-justification-center is-nowrap is-layout-flex wp-container-core-group-is-layout-23441af8 wp-block-group-is-layout-flex\">\n<div class=\"wp-block-buttons is-layout-flex wp-block-buttons-is-layout-flex\">\n<div class=\"wp-block-button\"><a class=\"wp-block-button__link wp-element-button\" href=\"https:\/\/idstedt-museum.de\/Radtouren\/de\/id12?id=12\">Vorheriges Grab<\/a><\/div>\n<\/div>\n\n\n\n<div class=\"wp-block-buttons is-layout-flex wp-block-buttons-is-layout-flex\">\n<div class=\"wp-block-button\"><a class=\"wp-block-button__link wp-element-button\" href=\"https:\/\/idstedt-museum.de\/Radtouren\/de\/id01?id=01\">N\u00e4chstes Grab<\/a><\/div>\n<\/div>\n<\/div>\n","protected":false},"excerpt":{"rendered":"<p>Die Schlacht bei Idstedt fand 1850 statt und war ein bedeutender Konflikt zwischen D\u00e4nemark und den Schleswig-Holsteinischen Herzogt\u00fcmer. D\u00e4nemark wollte seine Macht in Schleswig-Holstein ausweiten, doch die Schleswig-Holsteiner wehrten sich dagegen, da sie lieber zur deutschen Seite geh\u00f6ren wollten. Die Schlacht endete mit einem Sieg der d\u00e4nischen Truppen. Dieser Sieg hatte politische Folgen und war [&hellip;]<\/p>\n","protected":false},"author":1,"featured_media":265,"parent":0,"menu_order":0,"comment_status":"closed","ping_status":"closed","template":"","meta":{"footnotes":""},"class_list":["post-245","page","type-page","status-publish","has-post-thumbnail","hentry"],"_links":{"self":[{"href":"https:\/\/idstedt-museum.de\/Radtouren\/de\/wp-json\/wp\/v2\/pages\/245","targetHints":{"allow":["GET"]}}],"collection":[{"href":"https:\/\/idstedt-museum.de\/Radtouren\/de\/wp-json\/wp\/v2\/pages"}],"about":[{"href":"https:\/\/idstedt-museum.de\/Radtouren\/de\/wp-json\/wp\/v2\/types\/page"}],"author":[{"embeddable":true,"href":"https:\/\/idstedt-museum.de\/Radtouren\/de\/wp-json\/wp\/v2\/users\/1"}],"replies":[{"embeddable":true,"href":"https:\/\/idstedt-museum.de\/Radtouren\/de\/wp-json\/wp\/v2\/comments?post=245"}],"version-history":[{"count":12,"href":"https:\/\/idstedt-museum.de\/Radtouren\/de\/wp-json\/wp\/v2\/pages\/245\/revisions"}],"predecessor-version":[{"id":646,"href":"https:\/\/idstedt-museum.de\/Radtouren\/de\/wp-json\/wp\/v2\/pages\/245\/revisions\/646"}],"wp:featuredmedia":[{"embeddable":true,"href":"https:\/\/idstedt-museum.de\/Radtouren\/de\/wp-json\/wp\/v2\/media\/265"}],"wp:attachment":[{"href":"https:\/\/idstedt-museum.de\/Radtouren\/de\/wp-json\/wp\/v2\/media?parent=245"}],"curies":[{"name":"wp","href":"https:\/\/api.w.org\/{rel}","templated":true}]}}