{"id":243,"date":"2024-11-17T17:35:49","date_gmt":"2024-11-17T16:35:49","guid":{"rendered":"https:\/\/idstedt-museum.de\/Radtouren\/de\/?page_id=243"},"modified":"2025-05-26T12:39:12","modified_gmt":"2025-05-26T10:39:12","slug":"id12","status":"publish","type":"page","link":"https:\/\/idstedt-museum.de\/Radtouren\/de\/id12\/","title":{"rendered":"Grab 12"},"content":{"rendered":"\n<figure class=\"wp-block-audio\"><audio controls src=\"https:\/\/idstedt-museum.de\/Radtouren\/de\/wp-content\/uploads\/2025\/02\/Grab-12-Sl23-Richtig-deutsch.wav\" autoplay><\/audio><\/figure>\n\n\n\n<div class=\"wp-block-columns is-layout-flex wp-container-core-columns-is-layout-28f84493 wp-block-columns-is-layout-flex\">\n<div class=\"wp-block-column is-layout-flow wp-block-column-is-layout-flow\">\n<p>Die Soldaten, die an der Schlacht bei Idstedt 1850 k\u00e4mpften, waren Teil eines Konflikts zwischen D\u00e4nemark und den Schleswig-Holsteinischen Herzogt\u00fcmern. Die d\u00e4nischen Truppen versuchten, ihre Kontrolle \u00fcber Schleswig-Holstein zu behalten, w\u00e4hrend die Schleswig-Holsteinischen Soldaten sich dagegen wehrten. Der Kampf war brutal, und beide Seiten erlitten hohe Verluste. Die Schleswig-Holsteinische Armee verlor diese Schlacht. Die Schleswig-Holsteiner mussten sich nach der Niederlage mit den Folgen auseinandersetzen. F\u00fcr viele Soldaten war die Schlacht eine schwere Pr\u00fcfung, die nicht nur k\u00f6rperliche, sondern auch seelische Narben hinterlie\u00df.<\/p>\n\n\n\n<div class=\"wp-block-group is-layout-flow wp-container-core-group-is-layout-a77db08e wp-block-group-is-layout-flow\">\n<h4 class=\"wp-block-heading\">Lage auf Karte<\/h4>\n\n\n\n<p><iframe src=\"https:\/\/www.google.com\/maps\/embed?pb=!1m18!1m12!1m3!1d2245.791747823129!2d9.48899442337457!3d54.59345174177731!2m3!1f0!2f0!3f0!3m2!1i1024!2i768!4f13.1!3m3!1m2!1s0x47b373aedf6199fd%3A0x9aed95703372b9f2!2sGrabstein%20ein%20Schleswig-Holst.-Krieger!5e0!3m2!1sde!2sde!4v1740512448639!5m2!1sde!2sde\" width=\"600\" height=\"450\" class=\"map\" style=\"border:0;\" allowfullscreen=\"\" loading=\"lazy\" referrerpolicy=\"no-referrer-when-downgrade\"><\/iframe><\/p>\n<\/div>\n<\/div>\n<\/div>\n\n\n\n<div class=\"wp-block-group is-content-justification-center is-nowrap is-layout-flex wp-container-core-group-is-layout-23441af8 wp-block-group-is-layout-flex\">\n<div class=\"wp-block-buttons is-layout-flex wp-block-buttons-is-layout-flex\">\n<div class=\"wp-block-button\"><a class=\"wp-block-button__link wp-element-button\" href=\"https:\/\/idstedt-museum.de\/Radtouren\/de\/id11?id=11\">Vorheriges Grab<\/a><\/div>\n<\/div>\n\n\n\n<div class=\"wp-block-buttons is-layout-flex wp-block-buttons-is-layout-flex\">\n<div class=\"wp-block-button\"><a class=\"wp-block-button__link wp-element-button\" href=\"https:\/\/idstedt-museum.de\/Radtouren\/de\/id13?id=13\">N\u00e4chstes Grab<\/a><\/div>\n<\/div>\n<\/div>\n","protected":false},"excerpt":{"rendered":"<p>Die Soldaten, die an der Schlacht bei Idstedt 1850 k\u00e4mpften, waren Teil eines Konflikts zwischen D\u00e4nemark und den Schleswig-Holsteinischen Herzogt\u00fcmern. Die d\u00e4nischen Truppen versuchten, ihre Kontrolle \u00fcber Schleswig-Holstein zu behalten, w\u00e4hrend die Schleswig-Holsteinischen Soldaten sich dagegen wehrten. Der Kampf war brutal, und beide Seiten erlitten hohe Verluste. Die Schleswig-Holsteinische Armee verlor diese Schlacht. Die Schleswig-Holsteiner [&hellip;]<\/p>\n","protected":false},"author":1,"featured_media":264,"parent":0,"menu_order":0,"comment_status":"closed","ping_status":"closed","template":"","meta":{"footnotes":""},"class_list":["post-243","page","type-page","status-publish","has-post-thumbnail","hentry"],"_links":{"self":[{"href":"https:\/\/idstedt-museum.de\/Radtouren\/de\/wp-json\/wp\/v2\/pages\/243","targetHints":{"allow":["GET"]}}],"collection":[{"href":"https:\/\/idstedt-museum.de\/Radtouren\/de\/wp-json\/wp\/v2\/pages"}],"about":[{"href":"https:\/\/idstedt-museum.de\/Radtouren\/de\/wp-json\/wp\/v2\/types\/page"}],"author":[{"embeddable":true,"href":"https:\/\/idstedt-museum.de\/Radtouren\/de\/wp-json\/wp\/v2\/users\/1"}],"replies":[{"embeddable":true,"href":"https:\/\/idstedt-museum.de\/Radtouren\/de\/wp-json\/wp\/v2\/comments?post=243"}],"version-history":[{"count":12,"href":"https:\/\/idstedt-museum.de\/Radtouren\/de\/wp-json\/wp\/v2\/pages\/243\/revisions"}],"predecessor-version":[{"id":648,"href":"https:\/\/idstedt-museum.de\/Radtouren\/de\/wp-json\/wp\/v2\/pages\/243\/revisions\/648"}],"wp:featuredmedia":[{"embeddable":true,"href":"https:\/\/idstedt-museum.de\/Radtouren\/de\/wp-json\/wp\/v2\/media\/264"}],"wp:attachment":[{"href":"https:\/\/idstedt-museum.de\/Radtouren\/de\/wp-json\/wp\/v2\/media?parent=243"}],"curies":[{"name":"wp","href":"https:\/\/api.w.org\/{rel}","templated":true}]}}