{"id":241,"date":"2024-11-17T17:35:09","date_gmt":"2024-11-17T16:35:09","guid":{"rendered":"https:\/\/idstedt-museum.de\/Radtouren\/de\/?page_id=241"},"modified":"2025-05-26T12:29:25","modified_gmt":"2025-05-26T10:29:25","slug":"id11","status":"publish","type":"page","link":"https:\/\/idstedt-museum.de\/Radtouren\/de\/id11\/","title":{"rendered":"Grab 11"},"content":{"rendered":"\n<div class=\"wp-block-columns is-layout-flex wp-container-core-columns-is-layout-28f84493 wp-block-columns-is-layout-flex\">\n<div class=\"wp-block-column is-layout-flow wp-block-column-is-layout-flow\">\n<figure class=\"wp-block-audio\"><audio controls src=\"https:\/\/idstedt-museum.de\/Radtouren\/de\/wp-content\/uploads\/2025\/05\/Grab-11.mp3\" autoplay><\/audio><\/figure>\n\n\n\n<p>Hier ruht der Wachtmeister Strohmeyr des \u00f6sterreichischen Husaren-Regiment. Er starb durch die d\u00e4nische Nachhut, die den R\u00fcckzug der D\u00e4nischen Truppen die das Dannewerk und Schleswig ohne Kampf verlassen hatten sichern sollten. Um sich hinter den D\u00fcppeler Schanzen zur\u00fcck zu ziehen. Er starb am 06.02.1864 um 4 Uhr nachts. Bis heute wird von der \u00f6sterreichischen Seite das Grab gepflegt und in Stand gehalten.<\/p>\n\n\n\n<div class=\"wp-block-group is-layout-flow wp-container-core-group-is-layout-a77db08e wp-block-group-is-layout-flow\">\n<h4 class=\"wp-block-heading\">Lage auf Karte<\/h4>\n\n\n\n<p><iframe src=\"https:\/\/www.google.com\/maps\/embed?pb=!1m17!1m12!1m3!1d2310.818329724339!2d9.472324077773386!3d54.60719297268175!2m3!1f0!2f0!3f0!3m2!1i1024!2i768!4f13.1!3m2!1m1!2zNTTCsDM2JzI1LjkiTiA5wrAyOCcyOS42IkU!5e0!3m2!1sde!2sde!4v1741537877444!5m2!1sde!2sde\" width=\"600\" height=\"450\" class=\"map\" style=\"border:0;\" allowfullscreen=\"\" loading=\"lazy\" referrerpolicy=\"no-referrer-when-downgrade\"><\/iframe><\/p>\n<\/div>\n<\/div>\n<\/div>\n\n\n\n<div class=\"wp-block-group is-content-justification-center is-nowrap is-layout-flex wp-container-core-group-is-layout-23441af8 wp-block-group-is-layout-flex\">\n<div class=\"wp-block-buttons is-layout-flex wp-block-buttons-is-layout-flex\">\n<div class=\"wp-block-button\"><a class=\"wp-block-button__link wp-element-button\" href=\"https:\/\/idstedt-museum.de\/Radtouren\/de\/id10?id=10\">Vorheriges Grab<\/a><\/div>\n<\/div>\n\n\n\n<div class=\"wp-block-buttons is-layout-flex wp-block-buttons-is-layout-flex\">\n<div class=\"wp-block-button\"><a class=\"wp-block-button__link wp-element-button\" href=\"https:\/\/idstedt-museum.de\/Radtouren\/de\/id12?id=12\">N\u00e4chstes Grab<\/a><\/div>\n<\/div>\n<\/div>\n","protected":false},"excerpt":{"rendered":"<p>Hier ruht der Wachtmeister Strohmeyr des \u00f6sterreichischen Husaren-Regiment. Er starb durch die d\u00e4nische Nachhut, die den R\u00fcckzug der D\u00e4nischen Truppen die das Dannewerk und Schleswig ohne Kampf verlassen hatten sichern sollten. Um sich hinter den D\u00fcppeler Schanzen zur\u00fcck zu ziehen. Er starb am 06.02.1864 um 4 Uhr nachts. Bis heute wird von der \u00f6sterreichischen Seite [&hellip;]<\/p>\n","protected":false},"author":1,"featured_media":537,"parent":0,"menu_order":0,"comment_status":"closed","ping_status":"closed","template":"","meta":{"footnotes":""},"class_list":["post-241","page","type-page","status-publish","has-post-thumbnail","hentry"],"_links":{"self":[{"href":"https:\/\/idstedt-museum.de\/Radtouren\/de\/wp-json\/wp\/v2\/pages\/241","targetHints":{"allow":["GET"]}}],"collection":[{"href":"https:\/\/idstedt-museum.de\/Radtouren\/de\/wp-json\/wp\/v2\/pages"}],"about":[{"href":"https:\/\/idstedt-museum.de\/Radtouren\/de\/wp-json\/wp\/v2\/types\/page"}],"author":[{"embeddable":true,"href":"https:\/\/idstedt-museum.de\/Radtouren\/de\/wp-json\/wp\/v2\/users\/1"}],"replies":[{"embeddable":true,"href":"https:\/\/idstedt-museum.de\/Radtouren\/de\/wp-json\/wp\/v2\/comments?post=241"}],"version-history":[{"count":13,"href":"https:\/\/idstedt-museum.de\/Radtouren\/de\/wp-json\/wp\/v2\/pages\/241\/revisions"}],"predecessor-version":[{"id":643,"href":"https:\/\/idstedt-museum.de\/Radtouren\/de\/wp-json\/wp\/v2\/pages\/241\/revisions\/643"}],"wp:featuredmedia":[{"embeddable":true,"href":"https:\/\/idstedt-museum.de\/Radtouren\/de\/wp-json\/wp\/v2\/media\/537"}],"wp:attachment":[{"href":"https:\/\/idstedt-museum.de\/Radtouren\/de\/wp-json\/wp\/v2\/media?parent=241"}],"curies":[{"name":"wp","href":"https:\/\/api.w.org\/{rel}","templated":true}]}}