{"id":235,"date":"2024-11-17T17:33:18","date_gmt":"2024-11-17T16:33:18","guid":{"rendered":"https:\/\/idstedt-museum.de\/Radtouren\/de\/?page_id=235"},"modified":"2025-05-22T14:14:41","modified_gmt":"2025-05-22T12:14:41","slug":"id08","status":"publish","type":"page","link":"https:\/\/idstedt-museum.de\/Radtouren\/de\/id08\/","title":{"rendered":"Grab 8"},"content":{"rendered":"\n<div class=\"wp-block-columns is-layout-flex wp-container-core-columns-is-layout-28f84493 wp-block-columns-is-layout-flex\">\n<div class=\"wp-block-column is-layout-flow wp-block-column-is-layout-flow\">\n<figure class=\"wp-block-audio\"><audio controls src=\"https:\/\/idstedt-museum.de\/Radtouren\/de\/wp-content\/uploads\/2025\/02\/SL23deutsch.mp3\" autoplay><\/audio><\/figure>\n\n\n\n<p>Hier ruhen 14 schleswig-holsteinische Soldaten so wie ein d\u00e4nischer Offizier die dort aus Seuchenschutzgr\u00fcnden zusammen verscharrt wurden. Dies zeigt dass selbst wenn beide V\u00f6lker verfeindet sind, im Tod sind sie alle gleich egal ob Deutscher oder D\u00e4ne.<\/p>\n\n\n\n<div class=\"wp-block-group is-layout-flow wp-container-core-group-is-layout-a77db08e wp-block-group-is-layout-flow\">\n<h4 class=\"wp-block-heading\">Lage auf Karte<\/h4>\n\n\n\n<p><iframe src=\"https:\/\/www.google.com\/maps\/embed?pb=!1m17!1m12!1m3!1d2312.38431638124!2d9.481272077772337!3d54.579601972672535!2m3!1f0!2f0!3f0!3m2!1i1024!2i768!4f13.1!3m2!1m1!2zNTTCsDM0JzQ2LjYiTiA5wrAyOScwMS45IkU!5e0!3m2!1sde!2sde!4v1741537715072!5m2!1sde!2sde\" width=\"600\" height=\"450\" class=\"map\" style=\"border:0;\" allowfullscreen=\"\" loading=\"lazy\" referrerpolicy=\"no-referrer-when-downgrade\"><\/iframe><\/p>\n<\/div>\n<\/div>\n<\/div>\n\n\n\n<div class=\"wp-block-group is-content-justification-center is-nowrap is-layout-flex wp-container-core-group-is-layout-23441af8 wp-block-group-is-layout-flex\">\n<div class=\"wp-block-buttons is-layout-flex wp-block-buttons-is-layout-flex\">\n<div class=\"wp-block-button\"><a class=\"wp-block-button__link wp-element-button\" href=\"https:\/\/idstedt-museum.de\/Radtouren\/de\/id07?id=07\">Vorheriges Grab<\/a><\/div>\n<\/div>\n\n\n\n<div class=\"wp-block-buttons is-layout-flex wp-block-buttons-is-layout-flex\">\n<div class=\"wp-block-button\"><a class=\"wp-block-button__link wp-element-button\" href=\"https:\/\/idstedt-museum.de\/Radtouren\/de\/id09?id=09\">N\u00e4chstes Grab<\/a><\/div>\n<\/div>\n<\/div>\n","protected":false},"excerpt":{"rendered":"<p>Hier ruhen 14 schleswig-holsteinische Soldaten so wie ein d\u00e4nischer Offizier die dort aus Seuchenschutzgr\u00fcnden zusammen verscharrt wurden. Dies zeigt dass selbst wenn beide V\u00f6lker verfeindet sind, im Tod sind sie alle gleich egal ob Deutscher oder D\u00e4ne. Lage auf Karte<\/p>\n","protected":false},"author":1,"featured_media":260,"parent":0,"menu_order":0,"comment_status":"closed","ping_status":"closed","template":"","meta":{"footnotes":""},"class_list":["post-235","page","type-page","status-publish","has-post-thumbnail","hentry"],"_links":{"self":[{"href":"https:\/\/idstedt-museum.de\/Radtouren\/de\/wp-json\/wp\/v2\/pages\/235","targetHints":{"allow":["GET"]}}],"collection":[{"href":"https:\/\/idstedt-museum.de\/Radtouren\/de\/wp-json\/wp\/v2\/pages"}],"about":[{"href":"https:\/\/idstedt-museum.de\/Radtouren\/de\/wp-json\/wp\/v2\/types\/page"}],"author":[{"embeddable":true,"href":"https:\/\/idstedt-museum.de\/Radtouren\/de\/wp-json\/wp\/v2\/users\/1"}],"replies":[{"embeddable":true,"href":"https:\/\/idstedt-museum.de\/Radtouren\/de\/wp-json\/wp\/v2\/comments?post=235"}],"version-history":[{"count":11,"href":"https:\/\/idstedt-museum.de\/Radtouren\/de\/wp-json\/wp\/v2\/pages\/235\/revisions"}],"predecessor-version":[{"id":597,"href":"https:\/\/idstedt-museum.de\/Radtouren\/de\/wp-json\/wp\/v2\/pages\/235\/revisions\/597"}],"wp:featuredmedia":[{"embeddable":true,"href":"https:\/\/idstedt-museum.de\/Radtouren\/de\/wp-json\/wp\/v2\/media\/260"}],"wp:attachment":[{"href":"https:\/\/idstedt-museum.de\/Radtouren\/de\/wp-json\/wp\/v2\/media?parent=235"}],"curies":[{"name":"wp","href":"https:\/\/api.w.org\/{rel}","templated":true}]}}