{"id":2,"date":"2024-11-15T13:33:43","date_gmt":"2024-11-15T12:33:43","guid":{"rendered":"https:\/\/idstedt-museum.de\/Radtouren\/de\/?page_id=2"},"modified":"2025-03-25T21:21:47","modified_gmt":"2025-03-25T20:21:47","slug":"impressum","status":"publish","type":"page","link":"https:\/\/idstedt-museum.de\/Radtouren\/de\/impressum\/","title":{"rendered":"Impressum"},"content":{"rendered":"\n<h3 class=\"wp-block-heading\">Anbieterkennzeichnung<\/h3>\n\n\n\n<h5 class=\"wp-block-heading\"><strong>Anbieter des Onlineangebotes i.S.d. \u00a7 5 Telemediengesetz (TMG)<\/strong><\/h5>\n\n\n\n<p>Idstedt Stiftung &#8211; Gesch\u00e4ftsf\u00fchrung<br><br>Suadicanistra\u00dfe 1<br>24837 Schleswig<br><br>Telefon: 04621 960113<br>Mail: Stefanie.Robl@schleswig-flensburg.de<\/p>\n\n\n\n<h5 class=\"wp-block-heading\"><strong>Verantwortlicher gem. \u00a7 55 Abs. 2 RStV<\/strong><\/h5>\n\n\n\n<p>Idstedt Stiftung &#8211; Gesch\u00e4ftsf\u00fchrung<br><br>Suadicanistra\u00dfe 1<br>24837 Schleswig<br><br>Telefon: 04621 960113<br>Mail: Stefanie.Robl@schleswig-flensburg.de<br><br>Ansprechpartner: Stefanie Robl<\/p>\n","protected":false},"excerpt":{"rendered":"<p>Anbieterkennzeichnung Anbieter des Onlineangebotes i.S.d. \u00a7 5 Telemediengesetz (TMG) Idstedt Stiftung &#8211; Gesch\u00e4ftsf\u00fchrung Suadicanistra\u00dfe 124837 Schleswig Telefon: 04621 960113Mail: Stefanie.Robl@schleswig-flensburg.de Verantwortlicher gem. \u00a7 55 Abs. 2 RStV Idstedt Stiftung &#8211; Gesch\u00e4ftsf\u00fchrung Suadicanistra\u00dfe 124837 Schleswig Telefon: 04621 960113Mail: Stefanie.Robl@schleswig-flensburg.de Ansprechpartner: Stefanie Robl<\/p>\n","protected":false},"author":1,"featured_media":0,"parent":0,"menu_order":0,"comment_status":"closed","ping_status":"closed","template":"","meta":{"footnotes":""},"class_list":["post-2","page","type-page","status-publish","hentry"],"_links":{"self":[{"href":"https:\/\/idstedt-museum.de\/Radtouren\/de\/wp-json\/wp\/v2\/pages\/2","targetHints":{"allow":["GET"]}}],"collection":[{"href":"https:\/\/idstedt-museum.de\/Radtouren\/de\/wp-json\/wp\/v2\/pages"}],"about":[{"href":"https:\/\/idstedt-museum.de\/Radtouren\/de\/wp-json\/wp\/v2\/types\/page"}],"author":[{"embeddable":true,"href":"https:\/\/idstedt-museum.de\/Radtouren\/de\/wp-json\/wp\/v2\/users\/1"}],"replies":[{"embeddable":true,"href":"https:\/\/idstedt-museum.de\/Radtouren\/de\/wp-json\/wp\/v2\/comments?post=2"}],"version-history":[{"count":2,"href":"https:\/\/idstedt-museum.de\/Radtouren\/de\/wp-json\/wp\/v2\/pages\/2\/revisions"}],"predecessor-version":[{"id":566,"href":"https:\/\/idstedt-museum.de\/Radtouren\/de\/wp-json\/wp\/v2\/pages\/2\/revisions\/566"}],"wp:attachment":[{"href":"https:\/\/idstedt-museum.de\/Radtouren\/de\/wp-json\/wp\/v2\/media?parent=2"}],"curies":[{"name":"wp","href":"https:\/\/api.w.org\/{rel}","templated":true}]}}