{"id":165,"date":"2024-11-10T17:26:04","date_gmt":"2024-11-10T16:26:04","guid":{"rendered":"https:\/\/idstedt-museum.de\/Test\/?page_id=165"},"modified":"2025-07-21T11:59:58","modified_gmt":"2025-07-21T09:59:58","slug":"id02","status":"publish","type":"page","link":"https:\/\/idstedt-museum.de\/Radtouren\/de\/id02\/","title":{"rendered":"Gedenkst\u00e4tte 2"},"content":{"rendered":"\n<div class=\"wp-block-columns is-layout-flex wp-container-core-columns-is-layout-28f84493 wp-block-columns-is-layout-flex\">\n<div class=\"wp-block-column is-layout-flow wp-block-column-is-layout-flow\">\n<figure class=\"wp-block-audio\"><audio controls src=\"https:\/\/idstedt-museum.de\/Radtouren\/de\/wp-content\/uploads\/2025\/05\/28-Schleppgrell.mp3\" autoplay><\/audio><\/figure>\n\n\n\n<p>Das Linke Grab<\/p>\n\n\n\n<p>Generalmajor Schleppegrell war der Kommandeur der 2. Armee-Division. Als sie bei einem Gegenangriff versuchten, Oberstolk zu erobern, fiel er. Er fiel durch einen Kopfschuss vom Pferd. Auf einem Bauernhof hing er da in den Steigb\u00fcgeln, w\u00e4hrend sein Pferd zusah, dass es wegkam. Bis hier hing er in seinen Steigb\u00fcgeln fest. Hier wurde er bewusstlos von d\u00e4nischen Soldaten gefunden und nach Flensburg in ein Krankenhaus gebracht. Am n\u00e4chsten Tag verstarb er. Nun ruht er auf einem Friedhof und diese Stelle soll ihm und seinem Pferd gedenken.<br><\/p>\n\n\n\n<figure class=\"wp-block-audio\"><audio controls src=\"https:\/\/idstedt-museum.de\/Radtouren\/de\/wp-content\/uploads\/2025\/05\/Schleppegrell-sein-buddi.mp3\"><\/audio><\/figure>\n\n\n\n<p>Das Rechte Grab<\/p>\n\n\n\n<p>Dieser Gedenkstein des Vaabenmester J.M. Kragh stand ehemals auf dem Standort\u00fcbungsplatz der Bundeswehr am Langsee. Er wurde zum Gedenkstein des Generalmajors von Schleppegrell gesetzt (2000). Beschreibung des alten Standortes: Im Gel\u00e4nde an einem Knick ein eisernes Einfassungsgitter, darin ein kleiner Findling auf Feldsteinsockel mit der Inschrift: \u201eNaer her faldt &#8211; Vaabenmester &#8211; ved 5. Batl. 3. Kp &#8211; Dbmd. J.M. Kragh &#8211; Helted\u00f8den d. 25.7.1850 &#8211; Forrest. Modig. Beredt\u201c.<\/p>\n\n\n\n<div class=\"wp-block-group is-layout-flow wp-container-core-group-is-layout-a77db08e wp-block-group-is-layout-flow\">\n<h4 class=\"wp-block-heading\">Lage auf Karte<\/h4>\n\n\n\n<p><iframe src=\"https:\/\/www.google.com\/maps\/embed?pb=!1m17!1m12!1m3!1d2311.825773968924!2d9.530394077772648!3d54.58944397267572!2m3!1f0!2f0!3f0!3m2!1i1024!2i768!4f13.1!3m2!1m1!2zNTTCsDM1JzIyLjAiTiA5wrAzMSc1OC43IkU!5e0!3m2!1sde!2sde!4v1741537578000!5m2!1sde!2sde\" width=\"600\" height=\"450\" class=\"map\" style=\"border:0;\" allowfullscreen=\"\" loading=\"lazy\" referrerpolicy=\"no-referrer-when-downgrade\"><\/iframe><\/p>\n<\/div>\n<\/div>\n<\/div>\n\n\n\n<div class=\"wp-block-group is-content-justification-center is-nowrap is-layout-flex wp-container-core-group-is-layout-23441af8 wp-block-group-is-layout-flex\">\n<div class=\"wp-block-buttons is-layout-flex wp-block-buttons-is-layout-flex\">\n<div class=\"wp-block-button\"><a class=\"wp-block-button__link wp-element-button\" href=\"https:\/\/idstedt-museum.de\/Radtouren\/de\/id01?id=01\">Vorheriges Grab<\/a><\/div>\n<\/div>\n\n\n\n<div class=\"wp-block-buttons is-layout-flex wp-block-buttons-is-layout-flex\">\n<div class=\"wp-block-button\"><a class=\"wp-block-button__link wp-element-button\" href=\"https:\/\/idstedt-museum.de\/Radtouren\/de\/id03?id=03\">N\u00e4chstes Grab<\/a><\/div>\n<\/div>\n<\/div>\n","protected":false},"excerpt":{"rendered":"<p>Das Linke Grab Generalmajor Schleppegrell war der Kommandeur der 2. Armee-Division. Als sie bei einem Gegenangriff versuchten, Oberstolk zu erobern, fiel er. Er fiel durch einen Kopfschuss vom Pferd. Auf einem Bauernhof hing er da in den Steigb\u00fcgeln, w\u00e4hrend sein Pferd zusah, dass es wegkam. Bis hier hing er in seinen Steigb\u00fcgeln fest. Hier wurde [&hellip;]<\/p>\n","protected":false},"author":1,"featured_media":269,"parent":0,"menu_order":0,"comment_status":"closed","ping_status":"closed","template":"","meta":{"footnotes":""},"class_list":["post-165","page","type-page","status-publish","has-post-thumbnail","hentry"],"_links":{"self":[{"href":"https:\/\/idstedt-museum.de\/Radtouren\/de\/wp-json\/wp\/v2\/pages\/165","targetHints":{"allow":["GET"]}}],"collection":[{"href":"https:\/\/idstedt-museum.de\/Radtouren\/de\/wp-json\/wp\/v2\/pages"}],"about":[{"href":"https:\/\/idstedt-museum.de\/Radtouren\/de\/wp-json\/wp\/v2\/types\/page"}],"author":[{"embeddable":true,"href":"https:\/\/idstedt-museum.de\/Radtouren\/de\/wp-json\/wp\/v2\/users\/1"}],"replies":[{"embeddable":true,"href":"https:\/\/idstedt-museum.de\/Radtouren\/de\/wp-json\/wp\/v2\/comments?post=165"}],"version-history":[{"count":20,"href":"https:\/\/idstedt-museum.de\/Radtouren\/de\/wp-json\/wp\/v2\/pages\/165\/revisions"}],"predecessor-version":[{"id":660,"href":"https:\/\/idstedt-museum.de\/Radtouren\/de\/wp-json\/wp\/v2\/pages\/165\/revisions\/660"}],"wp:featuredmedia":[{"embeddable":true,"href":"https:\/\/idstedt-museum.de\/Radtouren\/de\/wp-json\/wp\/v2\/media\/269"}],"wp:attachment":[{"href":"https:\/\/idstedt-museum.de\/Radtouren\/de\/wp-json\/wp\/v2\/media?parent=165"}],"curies":[{"name":"wp","href":"https:\/\/api.w.org\/{rel}","templated":true}]}}