{"id":124,"date":"2024-11-01T22:09:25","date_gmt":"2024-11-01T21:09:25","guid":{"rendered":"https:\/\/idstedt-museum.de\/Test\/?page_id=124"},"modified":"2025-05-26T10:41:54","modified_gmt":"2025-05-26T08:41:54","slug":"id01","status":"publish","type":"page","link":"https:\/\/idstedt-museum.de\/Radtouren\/de\/id01\/","title":{"rendered":"Ehrenmal 1"},"content":{"rendered":"\n<div class=\"wp-block-columns is-layout-flex wp-container-core-columns-is-layout-28f84493 wp-block-columns-is-layout-flex\">\n<div class=\"wp-block-column is-layout-flow wp-block-column-is-layout-flow\">\n<figure class=\"wp-block-audio\"><audio controls src=\"https:\/\/idstedt-museum.de\/Radtouren\/de\/wp-content\/uploads\/2025\/05\/Schleppegrell.mp3\" autoplay><\/audio><\/figure>\n\n\n\n<p>Hier geht\u2019s um den Obelisken, der 4,5m hoch ist. Habt ihr ihn schon gefunden? Er steht hier als Andenken an die Schleswig-Holsteinische Bev\u00f6lkerung f\u00fcr den Kampf um die Gebiete f\u00fcr Schleswig-Holstein. Auf der wei\u00dfen Marmor-Tafel seht ihr zwei Lorbeerkr\u00e4nze, Fahnen, Helme und Kanonenrohre, ihr seht es ja selbst. Nach Erz\u00e4hlungen liegen hier 54 Idstedter Soldaten, die in der Schlacht bei Idstedt get\u00f6tet wurden. Wir hier sagen auch &#8222;Feldherrnh\u00fcgel&#8220; zu der Erhebung, auf der der Obelisk steht, da hier in der Schlacht von Idstedt General von Willisen seinen Standort gehabt haben soll.<\/p>\n\n\n\n<p><\/p>\n\n\n\n<div class=\"wp-block-group is-layout-flow wp-container-core-group-is-layout-a77db08e wp-block-group-is-layout-flow\">\n<h4 class=\"wp-block-heading\">Lage auf Karte<\/h4>\n\n\n\n<p><iframe src=\"https:\/\/www.google.com\/maps\/embed?pb=!1m18!1m12!1m3!1d926.6021747145423!2d9.49530081563013!3d54.5771937518507!2m3!1f0!2f0!3f0!3m2!1i1024!2i768!4f13.1!3m3!1m2!1s0x47b3730049b82c21%3A0xd624375c17441b88!2sEhrenmal%20Idstedt!5e0!3m2!1sde!2sde!4v1740511485282!5m2!1sde!2sde\" width=\"600\" height=\"450\" class=\"map\" style=\"border:0;\" allowfullscreen=\"\" loading=\"lazy\" referrerpolicy=\"no-referrer-when-downgrade\"><\/iframe><\/p>\n<\/div>\n<\/div>\n<\/div>\n\n\n\n<div class=\"wp-block-group is-content-justification-center is-nowrap is-layout-flex wp-container-core-group-is-layout-23441af8 wp-block-group-is-layout-flex\">\n<div class=\"wp-block-buttons is-layout-flex wp-block-buttons-is-layout-flex\">\n<div class=\"wp-block-button\"><a class=\"wp-block-button__link wp-element-button\" href=\"https:\/\/idstedt-museum.de\/Radtouren\/de\/id13?id=13\">Vorheriges Grab<\/a><\/div>\n<\/div>\n\n\n\n<div class=\"wp-block-buttons is-layout-flex wp-block-buttons-is-layout-flex\">\n<div class=\"wp-block-button\"><a class=\"wp-block-button__link wp-element-button\" href=\"https:\/\/idstedt-museum.de\/Radtouren\/de\/id02?id=02\">N\u00e4chstes Grab<\/a><\/div>\n<\/div>\n<\/div>\n","protected":false},"excerpt":{"rendered":"<p>Hier geht\u2019s um den Obelisken, der 4,5m hoch ist. Habt ihr ihn schon gefunden? Er steht hier als Andenken an die Schleswig-Holsteinische Bev\u00f6lkerung f\u00fcr den Kampf um die Gebiete f\u00fcr Schleswig-Holstein. Auf der wei\u00dfen Marmor-Tafel seht ihr zwei Lorbeerkr\u00e4nze, Fahnen, Helme und Kanonenrohre, ihr seht es ja selbst. Nach Erz\u00e4hlungen liegen hier 54 Idstedter Soldaten, [&hellip;]<\/p>\n","protected":false},"author":1,"featured_media":266,"parent":0,"menu_order":0,"comment_status":"closed","ping_status":"closed","template":"","meta":{"footnotes":"[]"},"class_list":["post-124","page","type-page","status-publish","has-post-thumbnail","hentry"],"_links":{"self":[{"href":"https:\/\/idstedt-museum.de\/Radtouren\/de\/wp-json\/wp\/v2\/pages\/124","targetHints":{"allow":["GET"]}}],"collection":[{"href":"https:\/\/idstedt-museum.de\/Radtouren\/de\/wp-json\/wp\/v2\/pages"}],"about":[{"href":"https:\/\/idstedt-museum.de\/Radtouren\/de\/wp-json\/wp\/v2\/types\/page"}],"author":[{"embeddable":true,"href":"https:\/\/idstedt-museum.de\/Radtouren\/de\/wp-json\/wp\/v2\/users\/1"}],"replies":[{"embeddable":true,"href":"https:\/\/idstedt-museum.de\/Radtouren\/de\/wp-json\/wp\/v2\/comments?post=124"}],"version-history":[{"count":27,"href":"https:\/\/idstedt-museum.de\/Radtouren\/de\/wp-json\/wp\/v2\/pages\/124\/revisions"}],"predecessor-version":[{"id":617,"href":"https:\/\/idstedt-museum.de\/Radtouren\/de\/wp-json\/wp\/v2\/pages\/124\/revisions\/617"}],"wp:featuredmedia":[{"embeddable":true,"href":"https:\/\/idstedt-museum.de\/Radtouren\/de\/wp-json\/wp\/v2\/media\/266"}],"wp:attachment":[{"href":"https:\/\/idstedt-museum.de\/Radtouren\/de\/wp-json\/wp\/v2\/media?parent=124"}],"curies":[{"name":"wp","href":"https:\/\/api.w.org\/{rel}","templated":true}]}}